{"id":11452,"date":"2018-05-28T00:00:49","date_gmt":"2018-05-27T23:00:49","guid":{"rendered":"https:\/\/europeanobsndfr.org\/?page_id=11452"},"modified":"2021-02-25T11:31:41","modified_gmt":"2021-02-25T10:31:41","slug":"mention-legale","status":"publish","type":"page","link":"https:\/\/europeanobsndfr.org\/en\/mention-legale\/","title":{"rendered":"Mention l\u00e9gale"},"content":{"rendered":"<h4><\/h4>\n<h4 style=\"text-align: justify;\"><b>\u00c9DITEUR<\/b><\/h4>\n<p style=\"text-align: justify;\"><a href=\"https:\/\/europeanobsndfr.org\/en\/\"><strong>www.europeanobsndfr.org<\/strong><\/a> est un site internet \u00e9dit\u00e9 par l<strong>&lsquo;OENDDF (Observatoire Europ\u00e9en de la Non-Discrimination et des Droits Fondamentaux). L\u2019ensemble de ce site internet, ses pages et ses contenus sont la propri\u00e9t\u00e9 de l&rsquo;OENDDF.<\/strong><\/p>\n<p style=\"text-align: justify;\"><strong>OENDDF &#8211;\u00a0Observatoire Europ\u00e9en de la Non-Discrimination et des Droits Fondamentaux<\/strong><\/p>\n<div style=\"text-align: justify;\">\n<p>114 bis rue Michel-Ange 75016 Paris &#8211; FRANCE<\/p>\n<\/div>\n<p style=\"text-align: justify;\">E-mail : <a href=\"mailto:contact@europeanobsndfr.org\">contact@europeanobsndfr.org<\/a><\/p>\n<h4 style=\"text-align: justify;\"><b>PROPRI\u00c9T\u00c9 INTELLECTUELLE<\/b><\/h4>\n<p style=\"text-align: justify;\">En application des lois Fran\u00e7aises et, plus g\u00e9n\u00e9ralement des Trait\u00e9s et Accords internationaux comportant des dispositions relatives \u00e0 la protection des droits d\u2019auteur, toute reproduction de contenu du site internet OENDDF doit obligatoirement indiquer <strong><a href=\"https:\/\/europeanobsndfr.org\/en\/\">www.europeanobsndfr.org<\/a><\/strong> comme source de ce contenu.<\/p>\n<p style=\"text-align: justify;\"><strong>\u00a9 Copyright OENDDF \u2013 Tous droits r\u00e9serv\u00e9s.<\/strong><\/p>\n<h4 style=\"text-align: justify;\"><b>CR\u00c9DITS PHOTOGRAPHIQUES ET DROITS DES ILLUSTRATIONS<\/b><\/h4>\n<p style=\"text-align: justify;\">Ce site est illustr\u00e9 avec des photographies de l&rsquo;<strong>Observatoire Europ\u00e9en de la Non-Discrimination et des Droits Fondamentaux\u00a0(OENDDF)<\/strong> ainsi que des images issues des bases de donn\u00e9es d\u2019images libres de droit comme <a href=\"http:\/\/www.flickr.com\/\">Flickr<\/a>, <a href=\"http:\/\/foter.com\/\">Foter<\/a> et <a href=\"https:\/\/unsplash.com\/\">Unsplash<\/a>.<\/p>\n<p style=\"text-align: justify;\">Toutes les infographies et photographies r\u00e9alis\u00e9es par l\u2019OENDDF ne peuvent \u00eatre reproduites sans le consentement de l\u2019auteur.<\/p>\n<p style=\"text-align: justify;\">Les photographies choisies sur les bases de donn\u00e9es d\u2019images sont celles de l&rsquo;OENDDF ou sont sous licence\u00a0 \u00ab\u00a0Creative Commons\u00a0\u00bb. Elles peuvent \u00eatre reproduites \u00e0 condition de mentionner l\u2019auteur.<\/p>\n<h4 style=\"text-align: justify;\"><b>H\u00c9BERGEMENT<\/b><\/h4>\n<p style=\"text-align: justify;\">Le pr\u00e9sent site internet est h\u00e9berg\u00e9 par <strong><a title=\"Intuitive Com - Aur\u00e9lie Dufour, Consultante en Communication Web et Print\" href=\"https:\/\/intuitivecom.fr\/\" target=\"_blank\" rel=\"noopener\">Intuitive Com<\/a>.<\/strong> L\u2019OENDDF d\u00e9cline toute responsabilit\u00e9 quant aux \u00e9ventuelles interruptions du site <a href=\"https:\/\/europeanobsndfr.org\/en\/\"><strong>www.europeanobsndfr.org<\/strong><\/a> et de ses services.<\/p>\n<p style=\"text-align: justify;\"><b>Intuitive Com &#8211; Aur\u00e9lie Dufour<br \/>\n<\/b><\/p>\n<p style=\"text-align: justify;\">2, \u00ab\u00a0La Torch\u00e8re\u00a0\u00bb<\/p>\n<p style=\"text-align: justify;\">44440 RIAILLE<\/p>\n<p style=\"text-align: justify;\">FRANCE<\/p>\n<h4 style=\"text-align: justify;\"><b>CONCEPTION, DESIGN ET D\u00c9VELOPPEMENT<\/b><\/h4>\n<p style=\"text-align: justify;\">Le site internet a \u00e9t\u00e9 cr\u00e9\u00e9 par Christine MONTY, Didier BOYENVAL et Aur\u00e9lie DUFOUR.<\/p>","protected":false},"excerpt":{"rendered":"<p>\u00c9DITEUR www.europeanobsndfr.org est un site internet \u00e9dit\u00e9 par l&lsquo;OENDDF (Observatoire Europ\u00e9en de la Non-Discrimination et des Droits Fondamentaux). L\u2019ensemble de ce site internet, ses pages et ses contenus sont la propri\u00e9t\u00e9 de l&rsquo;OENDDF. OENDDF &#8211;\u00a0Observatoire Europ\u00e9en de la Non-Discrimination et des Droits Fondamentaux 114 bis rue Michel-Ange 75016 Paris &#8211; FRANCE E-mail : contact@europeanobsndfr.org PROPRI\u00c9T\u00c9&#8230;<\/p>","protected":false},"author":1,"featured_media":0,"parent":0,"menu_order":0,"comment_status":"closed","ping_status":"closed","template":"","meta":{"give_campaign_id":0,"_kadence_starter_templates_imported_post":false,"_kad_post_transparent":"","_kad_post_title":"","_kad_post_layout":"","_kad_post_sidebar_id":"","_kad_post_content_style":"","_kad_post_vertical_padding":"","_kad_post_feature":"","_kad_post_feature_position":"","_kad_post_header":false,"_kad_post_footer":false,"_kad_post_classname":"","footnotes":""},"class_list":["post-11452","page","type-page","status-publish","hentry"],"aioseo_notices":[],"campaignId":"","jetpack-related-posts":[],"jetpack_sharing_enabled":true,"_links":{"self":[{"href":"https:\/\/europeanobsndfr.org\/en\/wp-json\/wp\/v2\/pages\/11452","targetHints":{"allow":["GET"]}}],"collection":[{"href":"https:\/\/europeanobsndfr.org\/en\/wp-json\/wp\/v2\/pages"}],"about":[{"href":"https:\/\/europeanobsndfr.org\/en\/wp-json\/wp\/v2\/types\/page"}],"author":[{"embeddable":true,"href":"https:\/\/europeanobsndfr.org\/en\/wp-json\/wp\/v2\/users\/1"}],"replies":[{"embeddable":true,"href":"https:\/\/europeanobsndfr.org\/en\/wp-json\/wp\/v2\/comments?post=11452"}],"version-history":[{"count":0,"href":"https:\/\/europeanobsndfr.org\/en\/wp-json\/wp\/v2\/pages\/11452\/revisions"}],"wp:attachment":[{"href":"https:\/\/europeanobsndfr.org\/en\/wp-json\/wp\/v2\/media?parent=11452"}],"curies":[{"name":"wp","href":"https:\/\/api.w.org\/{rel}","templated":true}]}}