{"id":11486,"date":"2018-05-27T23:15:48","date_gmt":"2018-05-27T22:15:48","guid":{"rendered":"https:\/\/europeanobsndfr.org\/?page_id=11486"},"modified":"2021-02-25T11:31:44","modified_gmt":"2021-02-25T10:31:44","slug":"privacy-policy","status":"publish","type":"page","link":"https:\/\/europeanobsndfr.org\/en\/privacy-policy\/","title":{"rendered":"Politique de confidentialit\u00e9"},"content":{"rendered":"<p><strong>L&rsquo;OBSERVATOIRE EUROPEEN DE LA NON-DISCRIMINATION ET DES DROITS FONDAMENTAUX (l&rsquo;OENDDF).<\/strong><\/p>\n<p><strong>Nous respectons le droit fondamental qu\u2019est le droit \u00e0 la vie priv\u00e9e.<\/strong><\/p>\n<p><strong>C\u2019est pourquoi, l&rsquo;OENDDF s\u2019engage \u00e0 respecter la confidentialit\u00e9 de vos donn\u00e9es \u00e0 caract\u00e8re personnel.<\/strong> En visitant le site internet de l\u2019OENDDF <a href=\"https:\/\/europeanobsndfr.org\/en\/\">www.europeanobsndfr.org<\/a>, vous acceptez les dispositions de la pr\u00e9sente politique de confidentialit\u00e9.<\/p>\n<p><strong><span style=\"color: #ff0000;\">Lisez attentivement ce qui suit pour comprendre quelles informations sont collect\u00e9es, quels sont vos droits et comment vos donn\u00e9es personnelles sont utilis\u00e9es par l&rsquo;OENDDF.\u00a0<\/span><\/strong><\/p>\n<p><strong>BASE JURIDIQUE\u00a0<\/strong><\/p>\n<p>La pr\u00e9sente politique de confidentialit\u00e9 est fond\u00e9e sur\u00a0:<\/p>\n<p><strong>&#8211; les articles 7 et 8 de la Charte des droits fondamentaux <\/strong>de l\u2019Union Europ\u00e9enne ;<\/p>\n<p><strong>&#8211; le R\u00e8glement G\u00e9n\u00e9ral sur la protection des donn\u00e9es<\/strong> du Parlement Europ\u00e9en et du Conseil, 27 avril 2016 (2016\/679)<\/p>\n<p><strong>OBJECTIF<\/strong><\/p>\n<p>Cette politique de confidentialit\u00e9 entend\u00a0informer l\u2019utilisateur du traitement de ses donn\u00e9es \u00e0 caract\u00e8re personnel.<\/p>\n<p><b>QUELLES DONNEES PERSONNELLES COLLECTE L\u2019OENDDF ?<\/b><\/p>\n<div id=\"pg-12170-4\" class=\"panel-grid panel-no-style\">\n<div id=\"pgc-12170-4-0\" class=\"panel-grid-cell\">\n<div id=\"panel-12170-4-0-0\" class=\"so-panel widget widget_sow-editor panel-first-child panel-last-child\" data-index=\"12\">\n<div class=\"so-widget-sow-editor so-widget-sow-editor-base\">\n<div class=\"siteorigin-widget-tinymce textwidget\">\n<div style=\"text-align: justify;\">\n<div id=\"pg-8514-2\" class=\"panel-grid panel-no-style\" style=\"text-align: justify;\">\n<div id=\"pgc-8514-2-0\" class=\"panel-grid-cell\">\n<div id=\"panel-8514-2-0-2\" class=\"so-panel widget widget_sow-editor\" data-index=\"5\">\n<div class=\"panel-widget-style panel-widget-style-for-8514-2-0-2\">\n<div class=\"so-widget-sow-editor so-widget-sow-editor-base\">\n<div class=\"siteorigin-widget-tinymce textwidget\">\n<h4 id=\"collecte\"><b><img loading=\"lazy\" decoding=\"async\" class=\"size-medium wp-image-12098 alignleft\" src=\"http:\/\/www.aedh.eu\/wp-content\/uploads\/2017\/12\/Informations-2-300x171.png?x51973\" sizes=\"auto, (max-width: 300px) 100vw, 300px\" srcset=\"http:\/\/www.aedh.eu\/wp-content\/uploads\/2017\/12\/Informations-2-300x171.png 300w, http:\/\/www.aedh.eu\/wp-content\/uploads\/2017\/12\/Informations-2.png 350w\" alt=\"\" width=\"300\" height=\"171\" \/><\/b><\/h4>\n<p>Lorsque vous visitez ce site internet, vous conservez votre anonymat. Les informations collect\u00e9es au cours d\u2019une navigation servent \u00e0 analyser l\u2019usage du site afin de l\u2019am\u00e9liorer. Aucune information personnelle\u00a0n\u2019y est attach\u00e9e.<\/p>\n<p>L\u2019OENDDF collecte des donn\u00e9es personnelles (tels que le nom de famille, l\u2019adresse postale, le num\u00e9ro de t\u00e9l\u00e9phone ou l\u2019email) uniquement si vous d\u00e9cidez de les fournir<b>.\u00a0<\/b>Par exemple, lorsque vous exprimez le d\u00e9sir d\u2019adh\u00e9rer ou de faire un don \u00e0 l\u2019OENDDF, l\u2019OENDDF s\u2019engage \u00e0 ne recueillir que les <b>informations n\u00e9cessaires <\/b>pour le traitement de votre demande.<\/p>\n<p>&nbsp;<\/p>\n<p><strong>POURQUOI L\u2019OENDDF COLLECTE LES DONN\u00c9ES \u00c0 CARACT\u00c8RE PERSONNEL\u00a0?<\/strong><\/p>\n<p>Nous collectons, traitons et utilisons vos informations \u00e0 caract\u00e8re personnel pour\u00a0:<\/p>\n<ul>\n<li>Vous envoyer, avec votre accord, les invitations et les communiqu\u00e9s de l\u2019OENDDF ;<\/li>\n<li>R\u00e9pondre \u00e0 l\u2019ensemble de vos questions \/ demandes formul\u00e9es via le formulaire de contact ;<\/li>\n<li>Traiter votre candidature \u00e0 un emploi ;<\/li>\n<li>G\u00e9rer votre adh\u00e9sion \u00e0 l\u2019OENDDF ;<\/li>\n<li>Vous permettre de faire un don (l\u2019OENDDF ne conserve pas les d\u00e9tails de votre carte bancaire) ;<\/li>\n<li>R\u00e9aliser des analyses statistiques afin d\u2019am\u00e9liorer le site internet.<\/li>\n<\/ul>\n<p>&nbsp;<\/p>\n<p><strong>COMMENT VOS DONN\u00c9ES PERSONNELLES SONT UTILIS\u00c9ES ?<\/strong><\/p>\n<h4 id=\"utilis\u00e9\"><img loading=\"lazy\" decoding=\"async\" class=\"alignright wp-image-12100\" src=\"http:\/\/www.aedh.eu\/wp-content\/uploads\/2017\/12\/confidentielles-e1514624096454-300x184.png?x51973\" sizes=\"auto, (max-width: 354px) 100vw, 354px\" srcset=\"http:\/\/www.aedh.eu\/wp-content\/uploads\/2017\/12\/confidentielles-e1514624096454-300x184.png 300w, http:\/\/www.aedh.eu\/wp-content\/uploads\/2017\/12\/confidentielles-e1514624096454.png 447w\" alt=\"\" width=\"354\" height=\"217\" \/><\/h4>\n<p>L\u2019OENDDF s\u2019engage \u00e0 <strong>respecter la confidentialit\u00e9 de vos donn\u00e9es personnelles et de les utiliser uniquement aux fins pour lesquelles vous les aurez communiqu\u00e9es<\/strong>. Vos informations personnelles ne seront pas conserv\u00e9es plus longtemps que n\u00e9cessaire.\u00a0Par exemple, si vous postulez pour un emploi, l\u2019OENDDF recueille seulement les informations n\u00e9cessaires pour traiter votre candidature.<\/p>\n<p>Vos donn\u00e9es personnelles ne seront ni utilis\u00e9es \u00e0 des fins commerciales, ni transf\u00e9r\u00e9es \u00e0 des tiers.<\/p>\n<p>Dans certains cas, l\u2019OENDDF peut, toutefois, \u00eatre contraint de transmettre vos donn\u00e9es lorsque la loi l\u2019exige ou sur injonction judiciaire. Tous les renseignements transmis \u00e0 l\u2019OENDDF sont conserv\u00e9s avec le plus grand soin et le maximum de s\u00e9curit\u00e9. Toutefois, l\u2019OENDDF d\u00e9cline toute responsabilit\u00e9 quant \u00e0 la s\u00e9curit\u00e9 de l\u2019information.<\/p>\n<p>Pour exercer ce droit, contactez-nous \u00e0 <a href=\"mailto:contact@europeanobsndfr.org\">contact@europeanobsndfr.org<\/a>, en joignant une copie d\u2019une pi\u00e8ce d\u2019identit\u00e9 (carte d\u2019identit\u00e9, passeport ou permis de conduire, par ex.).<\/p>\n<h4><\/h4>\n<p id=\"droits\"><b>QUELS SONT VOS DROITS\u00a0?<\/b><\/p>\n<p><b>CONSENTEMENT<\/b><\/p>\n<p><b><img loading=\"lazy\" decoding=\"async\" class=\"size-medium wp-image-12124 alignleft\" src=\"http:\/\/www.aedh.eu\/wp-content\/uploads\/2017\/12\/choix-3-300x171.png?x51973\" sizes=\"auto, (max-width: 300px) 100vw, 300px\" srcset=\"http:\/\/www.aedh.eu\/wp-content\/uploads\/2017\/12\/choix-3-300x171.png 300w, http:\/\/www.aedh.eu\/wp-content\/uploads\/2017\/12\/choix-3.png 350w\" alt=\"\" width=\"300\" height=\"171\" \/><\/b><\/p>\n<p>&nbsp;<\/p>\n<p>C\u2019est vous qui d\u00e9cidez de donner vos informations. L\u2019enregistrement des donn\u00e9es personnelles sur le site internet de l\u2019OENDDF est facultatif.<\/p>\n<p>Si vous ne voulez pas les communiquer, vous pourrez toujours naviguer sur le site, mais il vous sera impossible de faire certaines op\u00e9rations.<\/p>\n<\/div>\n<p>&nbsp;<\/p>\n<div class=\"siteorigin-widget-tinymce textwidget\">\n<p>&nbsp;<\/p>\n<p>&nbsp;<\/p>\n<p><b>DROIT D\u2019ACC\u00c8S, DE RECTIFICATION, D&rsquo;OPPOSITION, A L&rsquo;EFFACEMENT, A LA LIMITATION, A LA PORTABILITE DE VOS DONN\u00c9ES PERSONNELLES<\/b><\/p>\n<p>Vous disposez \u00e0 tout moment de la facult\u00e9 d\u2019exercer aupr\u00e8s de l&rsquo;OENDDF les droits pr\u00e9vus par la r\u00e9glementation en vigueur applicable en mati\u00e8re de donn\u00e9es \u00e0 caract\u00e8re personnel, sous r\u00e9serve d\u2019en remplir les conditions :<\/p>\n<div class=\"page\" title=\"Page 3\">\n<div class=\"section\">\n<div class=\"layoutArea\">\n<div class=\"column\">\n<ul>\n<li><strong>Droit d\u2019acc\u00e8s<\/strong> : vous pouvez avoir communication de vos Donn\u00e9es Personnelles faisant l\u2019objet d\u2019un traitement par l&rsquo;OENDDF ;<\/li>\n<li><strong>Droit de rectification :<\/strong> vous pouvez mettre \u00e0 jour vos Donn\u00e9es Personnelles ou faire rectifier vos Donn\u00e9es Personnelles trait\u00e9es par l&rsquo;OENDDF ;<\/li>\n<li><strong>Droit d\u2019opposition :<\/strong> vous pouvez exprimer votre souhait de ne plus recevoir de communication de la part de\u00a0l&rsquo;OENDDF, ou demander que vos Donn\u00e9es Personnelles ne fassent plus l\u2019objet d\u2019un traitement ;<\/li>\n<li><strong>Droit \u00e0 l\u2019effacement :<\/strong> vous pouvez demander la suppression de vos Donn\u00e9es Personnelles ;<\/li>\n<li><strong>Droit \u00e0 la limitation :<\/strong> vous pouvez demander la suspension du traitement de vos Donn\u00e9es Personnelles ;<\/li>\n<li><strong>Droit \u00e0 la portabilit\u00e9<\/strong> : vous pouvez demander \u00e0\u00a0l&rsquo;OENDDF de r\u00e9cup\u00e9rer vos Donn\u00e9es Personnelles afin d\u2019en disposer.<\/li>\n<\/ul>\n<p>Lors de la souscription du recueil de vos Donn\u00e9es Personnelles, il vous est indiqu\u00e9 l\u2019adresse (postale et\/ou \u00e9lectronique) \u00e0 laquelle envoyer votre demande d\u2019exercice de vos droits.<\/p>\n<p>Toute demande doit \u00eatre accompagn\u00e9e d\u2019un justificatif d\u2019identit\u00e9. L&rsquo;OENDDF s\u2019engage \u00e0 r\u00e9pondre \u00e0 vos demandes d\u2019exercice de vos droits dans les meilleurs d\u00e9lais et en tout \u00e9tat de cause dans le respect des d\u00e9lais l\u00e9gaux.<\/p>\n<p>Pour exercer ce droit, contactez-nous \u00e0 <a href=\"mailto:contact@europeanobsndfr.org\">contact@europeanobsndfr.org<\/a>, en joignant une copie d\u2019une pi\u00e8ce d\u2019identit\u00e9 (carte d\u2019identit\u00e9, passeport ou permis de conduire, par exemple).<\/p>\n<\/div>\n<\/div>\n<\/div>\n<\/div>\n<p><strong>A QUELS SERVICES OU ENTREPRISES SONT COMMUNIQUES VOS DONNEES PERSONNELLES ?<\/strong><\/p>\n<div class=\"page\" title=\"Page 2\">\n<div class=\"section\">\n<div class=\"layoutArea\">\n<div class=\"column\">\n<p>Vos Donn\u00e9es Personnelles ne sont pas susceptibles d\u2019\u00eatre transmises \u00e0 des prestataires commerciaux, ni \u00e0 des prestataires externes, mais seulement \u00e0 des services internes de l&rsquo;OENDDF.<\/p>\n<div class=\"page\" title=\"Page 2\">\n<div class=\"section\">\n<div class=\"layoutArea\">\n<div class=\"column\">\n<p><strong>VOS DONNEES PERSONNELLES PEUVENT-ELLES ETRE TRANSFEREES EN-DEHORS DE L&rsquo;UNION EUROPEENNE \u00a0?<\/strong><\/p>\n<\/div>\n<\/div>\n<\/div>\n<\/div>\n<p>L&rsquo;OENDDF r\u00e9alise l\u2019ensemble des traitements de vos Donn\u00e9es Personnelles sur le territoire de l\u2019Union Europ\u00e9enne (UE), et plus particuli\u00e8rement sur le territoire de la FRANCE.<\/p>\n<p><strong>PENDANT COMBIEN DE TEMPS L&rsquo;OENDDF CONSERVE VOS DONNEES PERSONNELLES ?\u00a0<\/strong><\/p>\n<p>La dur\u00e9e de conservation de vos Donn\u00e9es Personnelles d\u00e9pend de la nature de la demande souscrite (adh\u00e9rent, b\u00e9n\u00e9vole, donateur &#8230;). L&rsquo;OENDDF s\u2019engage \u00e0 ne pas conserver vos Donn\u00e9es Personnelles au-del\u00e0 de la dur\u00e9e n\u00e9cessaire \u00e0 la fourniture du service li\u00e9 \u00e0 la demande, augment\u00e9e de la dur\u00e9e de conservation impos\u00e9e par les r\u00e8gles applicables en mati\u00e8re de prescription l\u00e9gale.<\/p>\n<p><strong>VOS DONNEES PERSONNELLES SONT ELLES-PROTEGEES ?<\/strong><\/p>\n<p>L&rsquo;OENDDF s\u2019engage \u00e0 prendre toutes mesures afin d\u2019assurer la s\u00e9curit\u00e9 et la confidentialit\u00e9 des Donn\u00e9es Personnelles et notamment \u00e0 emp\u00eacher qu\u2019elles ne soient endommag\u00e9es, effac\u00e9es ou que des tiers non autoris\u00e9s y aient acc\u00e8s.<\/p>\n<p>Par ailleurs, en cas d\u2019incident de s\u00e9curit\u00e9 affectant vos Donn\u00e9es Personnelles (destruction, perte, alt\u00e9ration ou divulgation), l&rsquo;OENDDF s\u2019engage \u00e0 respecter l\u2019obligation de notification des violations de Donn\u00e9es Personnelles, notamment aupr\u00e8s de la CNIL en FRANCE.<\/p>\n<\/div>\n<\/div>\n<\/div>\n<\/div>\n<div class=\"page\" title=\"Page 3\">\n<div class=\"section\">\n<div class=\"layoutArea\">\n<div class=\"column\">\n<p><strong>QUELLE EST LA POLITIQUE DE L&rsquo;OENDDF EN MATIERE DE COOKIES ?<\/strong><\/p>\n<\/div>\n<\/div>\n<\/div>\n<\/div>\n<p>Outre les Donn\u00e9es Personnelles que vous nous transmettez \u00e0 des fins pr\u00e9cises, l\u2019OENDDF utilise \u00e9galement des cookies pour assurer le bon fonctionnement de son site internet.<\/p>\n<p><b>QU\u2019EST-CE QU\u2019UN \u00ab\u00a0COOKIE \u00bb\u00a0?<\/b><\/p>\n<p>Un \u00ab\u00a0cookie\u00a0\u00bb est un petit fichier comportant des informations \u00e9crites que votre navigateur m\u00e9morise lorsque vous visitez un site web. Il a pour but de recueillir certaines informations pour analyser l\u2019activit\u00e9 du site et faciliter votre navigation.<\/p>\n<p>Les cookies retiennent par exemple votre pr\u00e9f\u00e9rence linguistique pour que vous n\u2019ayez pas \u00e0 la s\u00e9lectionner \u00e0 nouveau lors de votre prochaine visite. En aucun cas, les cookies \u00e9mis par <a href=\"https:\/\/europeanobsndfr.org\/en\/\">www.europeanobsndfr.org<\/a> ne r\u00e9coltent votre nom ou votre adresse e-mail.<\/p>\n<p>Pour plus d\u2019informations sur les cookies\u00a0:<\/p>\n<p>&#8211;\u00a0<a href=\"http:\/\/www.allaboutcookies.org\/fr\/\">http:\/\/www.allaboutcookies.org\/fr\/<\/a><\/p>\n<p>&#8211; <a href=\"https:\/\/www.cnil.fr\/fr\/cookies-les-outils-pour-les-maitriser\">https:\/\/www.cnil.fr\/fr\/cookies-les-outils-pour-les-maitriser<\/a><\/p>\n<p>&#8211; <a href=\"http:\/\/www.youronlinechoices.com\/be-fr\/\">http:\/\/www.youronlinechoices.com\/be-fr\/<\/a><\/p>\n<p><b>COMMENT L\u2019OENDDF UTILISE LES COOKIES\u00a0?<\/b><\/p>\n<p>L\u2019OENDDF utilise les cookies pour\u00a0:<\/p>\n<ul>\n<li>Compiler des donn\u00e9es statistiques sur l\u2019usage du site afin de l\u2019am\u00e9liorer<\/li>\n<li>Partager nos pages web sur les r\u00e9seaux sociaux<\/li>\n<li>Faciliter la capacit\u00e9 des utilisateurs \u00e0 naviguer sur le site web<\/li>\n<\/ul>\n<p>&nbsp;<\/p>\n<p>L\u2019OENDDF utilise diff\u00e9rents types de cookies\u00a0:<\/p>\n<ul>\n<li>Les cookies fonctionnels<\/li>\n<li>Les cookies de performance et de mesure d&rsquo;audience<\/li>\n<li>Les cookies tiers<\/li>\n<\/ul>\n<\/div>\n<\/div>\n<\/div>\n<\/div>\n<div id=\"panel-8514-2-0-3\" class=\"so-panel widget widget_sow-editor panel-last-child\" data-index=\"6\">\n<div class=\"so-widget-sow-editor so-widget-sow-editor-base\">\n<div class=\"siteorigin-widget-tinymce textwidget\">\n<p><i>1. Les cookies fonctionnels<\/i><\/p>\n<p>Ces cookies sont indispensables pour permettre au site de fonctionner de mani\u00e8re optimale.<\/p>\n<table>\n<tbody>\n<tr>\n<td><b>Fournisseur<\/b><\/td>\n<td><b>Nom du Cookie<\/b><\/td>\n<td><b>Fonction<\/b><\/td>\n<td><b>Dur\u00e9e de conservation<\/b><\/td>\n<td><b>Statut<\/b><\/td>\n<\/tr>\n<tr>\n<td>aedh.eu<\/td>\n<td>PHPSESSID<\/td>\n<td>ID de session<\/td>\n<td>Expire \u00e0 la fin de la session<\/td>\n<td>Obligatoire<\/td>\n<\/tr>\n<tr>\n<td>aedh.eu<\/td>\n<td>_icl_current_language<\/td>\n<td>Cookie pour conserver la configuration de la langue<\/td>\n<td>2 jours<\/td>\n<td>Obligatoire<\/td>\n<\/tr>\n<tr>\n<td>aedh.eu<\/td>\n<td>ginger-cookie<\/td>\n<td>Cookie pour afficher les indications relatives \u00e0 l\u2019utilisation des cookies et enregistrer votre choix lors de futures visites.<\/td>\n<td>1 jour<\/td>\n<td>Obligatoire<\/td>\n<\/tr>\n<tr>\n<td>Thimpress<\/td>\n<td>thimpress_donate_info<\/td>\n<td>Cookie permettant de faire des dons<\/td>\n<td>12 h<\/td>\n<td>Obligatoire<\/td>\n<\/tr>\n<\/tbody>\n<\/table>\n<p>&nbsp;<\/p>\n<p><i>2. Les cookies de performance et de mesure d\u2019audience<\/i><\/p>\n<p>En vue d\u2019adapter le site aux demandes de ses visiteurs, nous mesurons le nombre de visites, le nombre de pages vues ainsi que l\u2019activit\u00e9 des visiteurs sur le site et leur fr\u00e9quence de retour.<\/p>\n<table>\n<tbody>\n<tr>\n<td><b>Fournisseur<\/b><\/td>\n<td><b>Nom du Cookie<\/b><\/td>\n<td><b>Fonction<\/b><\/td>\n<td><b>Dur\u00e9e de conservation<\/b><\/td>\n<td><b>Statut<\/b><\/td>\n<\/tr>\n<tr>\n<td rowspan=\"3\">Google Analytics<\/td>\n<td>_ga<\/td>\n<td rowspan=\"3\">Cookies pour collecter des informations sur l\u2019usage du site (comme le nombre de visiteurs, le nombre de pages visit\u00e9es) afin de l\u2019am\u00e9liorer.Voir les R\u00e8gles de confidentialit\u00e9 de Google. https:\/\/support.google.com\/analytics\/answer\/6004245?hl=fr<br \/>\nOptout: https:\/\/support.google.com\/analytics\/answer\/181881?hl=fr<\/td>\n<td rowspan=\"3\">1 jour<\/td>\n<td rowspan=\"3\">Optionnel<\/td>\n<\/tr>\n<tr>\n<td>_gat<\/td>\n<\/tr>\n<tr>\n<td>_gid<\/td>\n<\/tr>\n<\/tbody>\n<\/table>\n<p>&nbsp;<\/p>\n<p><i>3. Les cookies tiers <\/i><\/p>\n<p>Le site de l\u2019OENDDF s\u2019appuie sur certains services propos\u00e9s par des sites tiers pour am\u00e9liorer l\u2019interactivit\u00e9 du site. Il s\u2019agit notamment\u00a0:<\/p>\n<ul>\n<li>Des boutons de partage (Twitter, Facebook, Instagram, You Tube) ;<\/li>\n<li>Des listes de Tweets et de posts Facebook ;<\/li>\n<li>Des vid\u00e9os diffus\u00e9es sur le site (You Tube).<\/li>\n<\/ul>\n<p>&nbsp;<\/p>\n<p>L\u2019OENDDF n\u2019a aucune influence sur la fa\u00e7on dont ces sites tiers utilisent vos donn\u00e9es personnelles. C\u2019est pourquoi, vous \u00eates invit\u00e9s \u00e0 vous reporter \u00e0 leur politique de confidentialit\u00e9, comme suit :<\/p>\n<ul>\n<li><strong><a href=\"https:\/\/www.facebook.com\/about\/privacy\">Facebook<\/a><\/strong><\/li>\n<li><strong><a href=\"https:\/\/twitter.com\/fr\/privacy\">Twitter<\/a><\/strong><\/li>\n<li><strong><a href=\"https:\/\/www.youtube.com\/static?template=terms&amp;gl=FR&amp;persist_gl=1\">Youtube<\/a><\/strong><\/li>\n<li><a href=\"https:\/\/help.instagram.com\/519522125107875?helpref=page_content\"><strong>Instagram<\/strong><\/a><\/li>\n<\/ul>\n<p>&nbsp;<\/p>\n<p>&nbsp;<\/p>\n<p><b>COMMENT D\u00c9SACTIVER LES COOKIES\u00a0?<\/b><\/p>\n<p><img loading=\"lazy\" decoding=\"async\" class=\"size-medium wp-image-12104 alignleft\" src=\"http:\/\/www.aedh.eu\/wp-content\/uploads\/2017\/12\/Cookies-1-300x171.png?x51973\" sizes=\"auto, (max-width: 300px) 100vw, 300px\" srcset=\"http:\/\/www.aedh.eu\/wp-content\/uploads\/2017\/12\/Cookies-1-300x171.png 300w, http:\/\/www.aedh.eu\/wp-content\/uploads\/2017\/12\/Cookies-1.png 350w\" alt=\"\" width=\"300\" height=\"171\" \/><\/p>\n<p>&nbsp;<\/p>\n<p>&nbsp;<\/p>\n<p>Si vous souhaitez d\u00e9sactiver tous les cookies ou seulement certains sur votre appareil, vous pouvez le faire gr\u00e2ce aux param\u00e8tres de votre navigateur. Cependant vote exp\u00e9rience utilisateur risque d\u2019\u00eatre d\u00e9grad\u00e9e.<\/p>\n<\/div>\n<\/div>\n<\/div>\n<\/div>\n<\/div>\n<div id=\"pg-8514-3\" class=\"panel-grid panel-no-style\" style=\"text-align: justify;\">\n<div id=\"pgc-8514-3-0\" class=\"panel-grid-cell\">\n<div id=\"panel-8514-3-0-0\" class=\"so-panel widget widget_sow-button panel-first-child panel-last-child\" data-index=\"7\">\n<div class=\"so-widget-sow-button so-widget-sow-button-wire-2c9d5e1db5ae\">\n<div class=\"ow-button-base ow-button-align-center\"><a class=\"ow-icon-placement-left ow-button-hover\" href=\"http:\/\/windows.microsoft.com\/fr-FR\/windows7\/Block-enable-or-allow-cookies\" target=\"_blank\" rel=\"noopener noreferrer\">Internet Explorer <\/a><\/div>\n<\/div>\n<\/div>\n<\/div>\n<div id=\"pgc-8514-3-1\" class=\"panel-grid-cell\">\n<div id=\"panel-8514-3-1-0\" class=\"so-panel widget widget_sow-button panel-first-child panel-last-child\" data-index=\"8\">\n<div class=\"so-widget-sow-button so-widget-sow-button-wire-2c9d5e1db5ae\">\n<div class=\"ow-button-base ow-button-align-center\"><a class=\"ow-icon-placement-left ow-button-hover\" href=\"http:\/\/support.google.com\/chrome\/bin\/answer.py?hl=fr&amp;answer=95647\" target=\"_blank\" rel=\"noopener noreferrer\">Chrome <\/a><\/div>\n<\/div>\n<\/div>\n<\/div>\n<div id=\"pgc-8514-3-2\" class=\"panel-grid-cell\">\n<div id=\"panel-8514-3-2-0\" class=\"so-panel widget widget_sow-button panel-first-child panel-last-child\" data-index=\"9\">\n<div class=\"so-widget-sow-button so-widget-sow-button-wire-2c9d5e1db5ae\">\n<div class=\"ow-button-base ow-button-align-center\"><a class=\"ow-icon-placement-left ow-button-hover\" href=\"http:\/\/support.mozilla.org\/fr\/kb\/activer-desactiver-cookies\" target=\"_blank\" rel=\"noopener noreferrer\">Firefox <\/a><\/div>\n<\/div>\n<\/div>\n<\/div>\n<div id=\"pgc-8514-3-3\" class=\"panel-grid-cell\">\n<div id=\"panel-8514-3-3-0\" class=\"so-panel widget widget_sow-button panel-first-child panel-last-child\" data-index=\"10\">\n<div class=\"so-widget-sow-button so-widget-sow-button-wire-2c9d5e1db5ae\">\n<div class=\"ow-button-base ow-button-align-center\"><a class=\"ow-icon-placement-left ow-button-hover\" href=\"http:\/\/support.apple.com\/kb\/PH5042\" target=\"_blank\" rel=\"noopener noreferrer\">Safari <\/a><\/div>\n<\/div>\n<\/div>\n<\/div>\n<div id=\"pgc-8514-3-4\" class=\"panel-grid-cell\">\n<div id=\"panel-8514-3-4-0\" class=\"so-panel widget widget_sow-button panel-first-child panel-last-child\" data-index=\"11\">\n<div class=\"so-widget-sow-button so-widget-sow-button-wire-2c9d5e1db5ae\">\n<div class=\"ow-button-base ow-button-align-center\"><a class=\"ow-icon-placement-left ow-button-hover\" href=\"http:\/\/help.opera.com\/Windows\/10.20\/fr\/cookies.html\" target=\"_blank\" rel=\"noopener noreferrer\">Opera <\/a><\/div>\n<\/div>\n<\/div>\n<\/div>\n<\/div>\n<div id=\"pg-8514-4\" class=\"panel-grid panel-no-style\">\n<div id=\"pgc-8514-4-0\" class=\"panel-grid-cell\">\n<div id=\"panel-8514-4-0-0\" class=\"so-panel widget widget_sow-editor panel-first-child panel-last-child\" data-index=\"12\">\n<div class=\"so-widget-sow-editor so-widget-sow-editor-base\">\n<div class=\"siteorigin-widget-tinymce textwidget\" style=\"text-align: justify;\">\n<p id=\"responsabilit\u00e9\"><b>D\u00c9CHARGE DE RESPONSABILIT\u00c9<\/b><\/p>\n<p>Cette politique de confidentialit\u00e9 s\u2019applique uniquement aux renseignements recueillis par le site web <a href=\"https:\/\/europeanobsndfr.org\/en\/\">www.europeanobsndfr.org<\/a>.\u00a0Ce dernier peut contenir des liens vers d\u2019autres sites internet externes. L\u2019OENDDF ne peut toutefois garantir que ces sites internet externes appliquent une politique de respect de la vie priv\u00e9e. C\u2019est pourquoi, vous \u00eates invit\u00e9s \u00e0 prendre connaissance des politiques de confidentialit\u00e9 des sites web que vous visitez avant de leur transmettre vos donn\u00e9es \u00e0 caract\u00e8re personnel.<\/p>\n<p id=\"modification\"><b>MODIFICATION DE CETTE POLITIQUE DE CONFIDENTIALIT\u00c9<\/b><\/p>\n<p>L\u2019OENDDF se r\u00e9serve le droit d\u2019apporter des modifications \u00e0 cette politique de confidentialit\u00e9, en mettant sur le site internet une nouvelle version \u00e0 votre disposition. Cette nouvelle version entre de plein droit imm\u00e9diatement en vigueur.<\/p>\n<p>\u00c0 chaque nouvelle utilisation du site internet de l\u2019OENDDF, vous vous soumettez \u00e0 cette nouvelle politique de confidentialit\u00e9 telle qu\u2019elle aura \u00e9t\u00e9 \u00e9ventuellement modifi\u00e9e. L\u2019OENDDF vous encourage donc \u00e0 consulter r\u00e9guli\u00e8rement cette page afin de vous tenir au courant de tout changement.<\/p>\n<p id=\"questions\"><b>QUESTIONS<\/b><\/p>\n<p>Pour tous commentaires ou questions concernant cette politique de confidentialit\u00e9 ou vos donn\u00e9es \u00e0 caract\u00e8re personnel, contactez-nous \u00e0 <a href=\"mailto:contact@europeanobsndfr.org\">contact@europeanobsndfr.org<\/a>,\u00a0ou par courrier\u00a0:<\/p>\n<\/div>\n<div><\/div>\n<div class=\"siteorigin-widget-tinymce textwidget\" style=\"text-align: justify;\"><strong>OENDDF &#8211; OBSERVATOIRE EUROPEEN DE LA NON-DISCRIMINATION ET DES DROITS FONDAMENTAU<\/strong>X<\/div>\n<div style=\"text-align: justify;\">\n<div>114 bis rue Michel-Ange 75016 PARIS &#8211; FRANCE<\/div>\n<div>T\u00e9l\u00e9phone : (+33) 02 28 96 15 65<\/div>\n<\/div>\n<\/div>\n<\/div>\n<\/div>\n<\/div>\n<\/div>\n<\/div>\n<\/div>\n<\/div>\n<\/div>\n<\/div>","protected":false},"excerpt":{"rendered":"<p>L&rsquo;OBSERVATOIRE EUROPEEN DE LA NON-DISCRIMINATION ET DES DROITS FONDAMENTAUX (l&rsquo;OENDDF). Nous respectons le droit fondamental qu\u2019est le droit \u00e0 la vie priv\u00e9e. C\u2019est pourquoi, l&rsquo;OENDDF s\u2019engage \u00e0 respecter la confidentialit\u00e9 de vos donn\u00e9es \u00e0 caract\u00e8re personnel. En visitant le site internet de l\u2019OENDDF www.europeanobsndfr.org, vous acceptez les dispositions de la pr\u00e9sente politique de confidentialit\u00e9. Lisez&#8230;<\/p>","protected":false},"author":1,"featured_media":0,"parent":0,"menu_order":0,"comment_status":"closed","ping_status":"closed","template":"","meta":{"give_campaign_id":0,"_kadence_starter_templates_imported_post":false,"_kad_post_transparent":"","_kad_post_title":"","_kad_post_layout":"","_kad_post_sidebar_id":"","_kad_post_content_style":"","_kad_post_vertical_padding":"","_kad_post_feature":"","_kad_post_feature_position":"","_kad_post_header":false,"_kad_post_footer":false,"_kad_post_classname":"","footnotes":""},"class_list":["post-11486","page","type-page","status-publish","hentry"],"aioseo_notices":[],"campaignId":"","jetpack-related-posts":[],"jetpack_sharing_enabled":true,"_links":{"self":[{"href":"https:\/\/europeanobsndfr.org\/en\/wp-json\/wp\/v2\/pages\/11486","targetHints":{"allow":["GET"]}}],"collection":[{"href":"https:\/\/europeanobsndfr.org\/en\/wp-json\/wp\/v2\/pages"}],"about":[{"href":"https:\/\/europeanobsndfr.org\/en\/wp-json\/wp\/v2\/types\/page"}],"author":[{"embeddable":true,"href":"https:\/\/europeanobsndfr.org\/en\/wp-json\/wp\/v2\/users\/1"}],"replies":[{"embeddable":true,"href":"https:\/\/europeanobsndfr.org\/en\/wp-json\/wp\/v2\/comments?post=11486"}],"version-history":[{"count":0,"href":"https:\/\/europeanobsndfr.org\/en\/wp-json\/wp\/v2\/pages\/11486\/revisions"}],"wp:attachment":[{"href":"https:\/\/europeanobsndfr.org\/en\/wp-json\/wp\/v2\/media?parent=11486"}],"curies":[{"name":"wp","href":"https:\/\/api.w.org\/{rel}","templated":true}]}}