{"id":18114,"date":"2021-06-21T00:38:59","date_gmt":"2021-06-20T23:38:59","guid":{"rendered":"https:\/\/europeanobsndfr.org\/donor-dashboard\/"},"modified":"2026-03-18T12:00:02","modified_gmt":"2026-03-18T11:00:02","slug":"donor-dashboard","status":"publish","type":"page","link":"https:\/\/europeanobsndfr.org\/en\/donor-dashboard\/","title":{"rendered":"Soutenir l\u2019OENDDF"},"content":{"rendered":"\n<div class=\"wp-block-columns is-layout-flex wp-container-core-columns-is-layout-9d6595d7 wp-block-columns-is-layout-flex\">\n<div class=\"wp-block-column is-layout-flow wp-block-column-is-layout-flow\" style=\"flex-basis:100%\"><style>.kb-row-layout-id18114_3b7e07-c7 > .kt-row-column-wrap{align-content:start;}:where(.kb-row-layout-id18114_3b7e07-c7 > .kt-row-column-wrap) > .wp-block-kadence-column{justify-content:start;}.kb-row-layout-id18114_3b7e07-c7 > .kt-row-column-wrap{column-gap:var(--global-kb-gap-md, 2rem);row-gap:var(--global-kb-gap-md, 2rem);padding-top:var(--global-kb-spacing-sm, 1.5rem);padding-bottom:var(--global-kb-spacing-sm, 1.5rem);grid-template-columns:minmax(0, 1fr);}.kb-row-layout-id18114_3b7e07-c7 > .kt-row-layout-overlay{opacity:0.30;}@media all and (max-width: 1024px){.kb-row-layout-id18114_3b7e07-c7 > .kt-row-column-wrap{grid-template-columns:minmax(0, 1fr);}}@media all and (max-width: 767px){.kb-row-layout-id18114_3b7e07-c7 > .kt-row-column-wrap{grid-template-columns:minmax(0, 1fr);}}<\/style><div class=\"kb-row-layout-wrap kb-row-layout-id18114_3b7e07-c7 alignnone wp-block-kadence-rowlayout\"><div class=\"kt-row-column-wrap kt-has-1-columns kt-row-layout-equal kt-tab-layout-inherit kt-mobile-layout-row kt-row-valign-top\">\n<style>.kadence-column18114_edb3aa-4c > .kt-inside-inner-col,.kadence-column18114_edb3aa-4c > .kt-inside-inner-col:before{border-top-left-radius:0px;border-top-right-radius:0px;border-bottom-right-radius:0px;border-bottom-left-radius:0px;}.kadence-column18114_edb3aa-4c > .kt-inside-inner-col{column-gap:var(--global-kb-gap-sm, 1rem);}.kadence-column18114_edb3aa-4c > .kt-inside-inner-col{flex-direction:column;}.kadence-column18114_edb3aa-4c > .kt-inside-inner-col > .aligncenter{width:100%;}.kadence-column18114_edb3aa-4c > .kt-inside-inner-col:before{opacity:0.3;}.kadence-column18114_edb3aa-4c{position:relative;}@media all and (max-width: 1024px){.kadence-column18114_edb3aa-4c > .kt-inside-inner-col{flex-direction:column;justify-content:center;}}@media all and (max-width: 767px){.kadence-column18114_edb3aa-4c > .kt-inside-inner-col{flex-direction:column;justify-content:center;}}<\/style>\n<div class=\"wp-block-kadence-column kadence-column18114_edb3aa-4c\"><div class=\"kt-inside-inner-col\"><style>.wp-block-kadence-advancedheading.kt-adv-heading18114_6b3007-98, .wp-block-kadence-advancedheading.kt-adv-heading18114_6b3007-98[data-kb-block=\"kb-adv-heading18114_6b3007-98\"]{font-style:normal;}.wp-block-kadence-advancedheading.kt-adv-heading18114_6b3007-98 mark.kt-highlight, .wp-block-kadence-advancedheading.kt-adv-heading18114_6b3007-98[data-kb-block=\"kb-adv-heading18114_6b3007-98\"] mark.kt-highlight{font-style:normal;color:#f76a0c;-webkit-box-decoration-break:clone;box-decoration-break:clone;padding-top:0px;padding-right:0px;padding-bottom:0px;padding-left:0px;}.wp-block-kadence-advancedheading.kt-adv-heading18114_6b3007-98 img.kb-inline-image, .wp-block-kadence-advancedheading.kt-adv-heading18114_6b3007-98[data-kb-block=\"kb-adv-heading18114_6b3007-98\"] img.kb-inline-image{width:150px;vertical-align:baseline;}<\/style>\n<h2 class=\"kt-adv-heading18114_6b3007-98 wp-block-kadence-advancedheading\" data-kb-block=\"kb-adv-heading18114_6b3007-98\">Agir pour les plus vuln\u00e9rables, ici et en Europe.<\/h2>\n<\/div><\/div>\n\n<\/div><\/div><\/div>\n<\/div>\n\n\n\n<div class=\"wp-block-columns is-layout-flex wp-container-core-columns-is-layout-9d6595d7 wp-block-columns-is-layout-flex\">\n<div class=\"wp-block-column is-layout-flow wp-block-column-is-layout-flow\" style=\"flex-basis:100%\"><style>.kb-row-layout-id18114_f2d676-76 > .kt-row-column-wrap{align-content:start;}:where(.kb-row-layout-id18114_f2d676-76 > .kt-row-column-wrap) > .wp-block-kadence-column{justify-content:start;}.kb-row-layout-id18114_f2d676-76 > .kt-row-column-wrap{column-gap:var(--global-kb-gap-md, 2rem);row-gap:var(--global-kb-gap-md, 2rem);padding-top:var(--global-kb-spacing-sm, 1.5rem);padding-bottom:var(--global-kb-spacing-sm, 1.5rem);grid-template-columns:minmax(0, 1fr);}.kb-row-layout-id18114_f2d676-76 > .kt-row-layout-overlay{opacity:0.30;}@media all and (max-width: 1024px){.kb-row-layout-id18114_f2d676-76 > .kt-row-column-wrap{grid-template-columns:minmax(0, 1fr);}}@media all and (max-width: 767px){.kb-row-layout-id18114_f2d676-76 > .kt-row-column-wrap{grid-template-columns:minmax(0, 1fr);}}<\/style><div class=\"kb-row-layout-wrap kb-row-layout-id18114_f2d676-76 alignnone wp-block-kadence-rowlayout\"><div class=\"kt-row-column-wrap kt-has-1-columns kt-row-layout-equal kt-tab-layout-inherit kt-mobile-layout-row kt-row-valign-top\">\n<style>.kadence-column18114_259381-e4 > .kt-inside-inner-col,.kadence-column18114_259381-e4 > .kt-inside-inner-col:before{border-top-left-radius:0px;border-top-right-radius:0px;border-bottom-right-radius:0px;border-bottom-left-radius:0px;}.kadence-column18114_259381-e4 > .kt-inside-inner-col{column-gap:var(--global-kb-gap-sm, 1rem);}.kadence-column18114_259381-e4 > .kt-inside-inner-col{flex-direction:column;}.kadence-column18114_259381-e4 > .kt-inside-inner-col > .aligncenter{width:100%;}.kadence-column18114_259381-e4 > .kt-inside-inner-col:before{opacity:0.3;}.kadence-column18114_259381-e4{position:relative;}@media all and (max-width: 1024px){.kadence-column18114_259381-e4 > .kt-inside-inner-col{flex-direction:column;justify-content:center;}}@media all and (max-width: 767px){.kadence-column18114_259381-e4 > .kt-inside-inner-col{flex-direction:column;justify-content:center;}}<\/style>\n<div class=\"wp-block-kadence-column kadence-column18114_259381-e4\"><div class=\"kt-inside-inner-col\"><style>.wp-block-kadence-advancedheading.kt-adv-heading18114_cb3b89-09, .wp-block-kadence-advancedheading.kt-adv-heading18114_cb3b89-09[data-kb-block=\"kb-adv-heading18114_cb3b89-09\"]{font-style:normal;}.wp-block-kadence-advancedheading.kt-adv-heading18114_cb3b89-09 mark.kt-highlight, .wp-block-kadence-advancedheading.kt-adv-heading18114_cb3b89-09[data-kb-block=\"kb-adv-heading18114_cb3b89-09\"] mark.kt-highlight{font-style:normal;color:#f76a0c;-webkit-box-decoration-break:clone;box-decoration-break:clone;padding-top:0px;padding-right:0px;padding-bottom:0px;padding-left:0px;}.wp-block-kadence-advancedheading.kt-adv-heading18114_cb3b89-09 img.kb-inline-image, .wp-block-kadence-advancedheading.kt-adv-heading18114_cb3b89-09[data-kb-block=\"kb-adv-heading18114_cb3b89-09\"] img.kb-inline-image{width:150px;vertical-align:baseline;}<\/style>\n<p class=\"kt-adv-heading18114_cb3b89-09 wp-block-kadence-advancedheading\" data-kb-block=\"kb-adv-heading18114_cb3b89-09\">Votre don permet d\u2019agir concr\u00e8tement sur le terrain et de d\u00e9fendre les droits fondamentaux aupr\u00e8s des institutions europ\u00e9ennes.<\/p>\n\n\n\n<p>Chaque contribution a un impact direct.<\/p>\n<\/div><\/div>\n\n<\/div><\/div><\/div>\n<\/div>\n\n\n\n<div class=\"wp-block-columns is-layout-flex wp-container-core-columns-is-layout-9d6595d7 wp-block-columns-is-layout-flex\">\n<div class=\"wp-block-column is-layout-flow wp-block-column-is-layout-flow\" style=\"flex-basis:100%\"><style>.kb-row-layout-id18114_bc9e00-5f > .kt-row-column-wrap{align-content:start;}:where(.kb-row-layout-id18114_bc9e00-5f > .kt-row-column-wrap) > .wp-block-kadence-column{justify-content:start;}.kb-row-layout-id18114_bc9e00-5f > .kt-row-column-wrap{column-gap:var(--global-kb-gap-md, 2rem);row-gap:var(--global-kb-gap-md, 2rem);padding-top:var(--global-kb-spacing-sm, 1.5rem);padding-bottom:var(--global-kb-spacing-sm, 1.5rem);grid-template-columns:minmax(0, 1fr);}.kb-row-layout-id18114_bc9e00-5f > .kt-row-layout-overlay{opacity:0.30;}@media all and (max-width: 1024px){.kb-row-layout-id18114_bc9e00-5f > .kt-row-column-wrap{grid-template-columns:minmax(0, 1fr);}}@media all and (max-width: 767px){.kb-row-layout-id18114_bc9e00-5f > .kt-row-column-wrap{grid-template-columns:minmax(0, 1fr);}}<\/style><div class=\"kb-row-layout-wrap kb-row-layout-id18114_bc9e00-5f alignnone wp-block-kadence-rowlayout\"><div class=\"kt-row-column-wrap kt-has-1-columns kt-row-layout-equal kt-tab-layout-inherit kt-mobile-layout-row kt-row-valign-top\">\n<style>.kadence-column18114_83ecc1-d6 > .kt-inside-inner-col,.kadence-column18114_83ecc1-d6 > .kt-inside-inner-col:before{border-top-left-radius:0px;border-top-right-radius:0px;border-bottom-right-radius:0px;border-bottom-left-radius:0px;}.kadence-column18114_83ecc1-d6 > .kt-inside-inner-col{column-gap:var(--global-kb-gap-sm, 1rem);}.kadence-column18114_83ecc1-d6 > .kt-inside-inner-col{flex-direction:column;}.kadence-column18114_83ecc1-d6 > .kt-inside-inner-col > .aligncenter{width:100%;}.kadence-column18114_83ecc1-d6 > .kt-inside-inner-col:before{opacity:0.3;}.kadence-column18114_83ecc1-d6{position:relative;}@media all and (max-width: 1024px){.kadence-column18114_83ecc1-d6 > .kt-inside-inner-col{flex-direction:column;justify-content:center;}}@media all and (max-width: 767px){.kadence-column18114_83ecc1-d6 > .kt-inside-inner-col{flex-direction:column;justify-content:center;}}<\/style>\n<div class=\"wp-block-kadence-column kadence-column18114_83ecc1-d6\"><div class=\"kt-inside-inner-col\"><div class=\"give-embed-form-wrapper\" id=\"give-69f199fc88eda\"><iframe\n\t\t\t\tname=\"give-embed-form\"\n\t\t\t\tsrc=\"https:\/\/europeanobsndfr.org\/en\/give\/faire-un-don?giveDonationFormInIframe=1\"\n\t\t\t\t\n\t\t\t\tdata-autoScroll=\"0\"\n\t\t\t\tonload=\"if( 'undefined' !== typeof Give ) { Give.initializeIframeResize(this) }\"\n\t\t\t\tstyle=\"border: 0;visibility: hidden;min-height: 598px;\"><\/iframe><div class=\"iframe-loader\">\n<div style=\"\n\t\theight: calc(100% - 28px);\n\t\twidth: calc(100% - 20px);\n\t\tmax-width: 552px;\n\t\tmargin: 10px auto 10px auto;\n\t\tbackground: transparent;\n\t\tborder-radius: 6px;\n\t\tdisplay: flex;\n\t\talign-items: center;\n\t\tjustify-content: center;\n\t\">\n    <div style=\"\n        pointer-events: none;\n        height: 90px;\n        width: 90px;\n        background-image: url(&quot;data:image\/svg+xml;charset=utf8,%3C?xml version='1.0' encoding='utf-8'?%3E%3C!-- Generator: Adobe Illustrator 24.1.0, SVG Export Plug-In . SVG Version: 6.00 Build 0) --%3E%3Csvg version='1.1' id='Layer_1' xmlns='http:\/\/www.w3.org\/2000\/svg' xmlns:xlink='http:\/\/www.w3.org\/1999\/xlink' x='0px' y='0px' viewBox='0 0 349 348' style='enable-background:new 0 0 349 348;' xml:space='preserve'%3E%3Cstyle type='text\/css'%3E .st0{fill:%232a2568;} %3C\/style%3E%3Cpath class='st0' d='M25.1,204.57c-13.38,0-24.47-10.6-24.97-24.08C0.04,178.09,0,175.97,0,174C0,77.78,78.28-0.5,174.5-0.5 c13.81,0,25,11.19,25,25s-11.19,25-25,25C105.85,49.5,50,105.35,50,174c0,1.37,0.03,2.85,0.1,4.65c0.51,13.8-10.27,25.39-24.07,25.9 C25.72,204.56,25.41,204.57,25.1,204.57z'\/%3E%3Cpath class='st0' d='M174.5,348.5c-13.81,0-25-11.19-25-25c0-13.81,11.19-25,25-25c68.65,0,124.5-55.85,124.5-124.5 c0-1.38-0.03-2.85-0.1-4.65c-0.51-13.8,10.26-25.4,24.06-25.91c13.83-0.53,25.4,10.26,25.91,24.06c0.09,2.39,0.13,4.51,0.13,6.49 C349,270.22,270.72,348.5,174.5,348.5z'\/%3E%3C\/svg%3E&quot;);\n        animation: spin 0.6s linear infinite;\n        \"><\/div>\n<\/div>\n<\/div><\/div><\/div><\/div>\n\n<\/div><\/div><\/div>\n<\/div>\n\n\n\n<div class=\"wp-block-columns is-layout-flex wp-container-core-columns-is-layout-9d6595d7 wp-block-columns-is-layout-flex\">\n<div class=\"wp-block-column is-layout-flow wp-block-column-is-layout-flow\" style=\"flex-basis:100%\"><style>.kb-row-layout-id18114_544cd0-cd > .kt-row-column-wrap{align-content:start;}:where(.kb-row-layout-id18114_544cd0-cd > .kt-row-column-wrap) > .wp-block-kadence-column{justify-content:start;}.kb-row-layout-id18114_544cd0-cd > .kt-row-column-wrap{column-gap:var(--global-kb-gap-md, 2rem);row-gap:var(--global-kb-gap-md, 2rem);padding-top:var(--global-kb-spacing-sm, 1.5rem);padding-bottom:var(--global-kb-spacing-sm, 1.5rem);grid-template-columns:minmax(0, 1fr);}.kb-row-layout-id18114_544cd0-cd > .kt-row-layout-overlay{opacity:0.30;}@media all and (max-width: 1024px){.kb-row-layout-id18114_544cd0-cd > .kt-row-column-wrap{grid-template-columns:minmax(0, 1fr);}}@media all and (max-width: 767px){.kb-row-layout-id18114_544cd0-cd > .kt-row-column-wrap{grid-template-columns:minmax(0, 1fr);}}<\/style><div class=\"kb-row-layout-wrap kb-row-layout-id18114_544cd0-cd alignnone wp-block-kadence-rowlayout\"><div class=\"kt-row-column-wrap kt-has-1-columns kt-row-layout-equal kt-tab-layout-inherit kt-mobile-layout-row kt-row-valign-top\">\n<style>.kadence-column18114_1e9f30-b0 > .kt-inside-inner-col,.kadence-column18114_1e9f30-b0 > .kt-inside-inner-col:before{border-top-left-radius:0px;border-top-right-radius:0px;border-bottom-right-radius:0px;border-bottom-left-radius:0px;}.kadence-column18114_1e9f30-b0 > .kt-inside-inner-col{column-gap:var(--global-kb-gap-sm, 1rem);}.kadence-column18114_1e9f30-b0 > .kt-inside-inner-col{flex-direction:column;}.kadence-column18114_1e9f30-b0 > .kt-inside-inner-col > .aligncenter{width:100%;}.kadence-column18114_1e9f30-b0 > .kt-inside-inner-col:before{opacity:0.3;}.kadence-column18114_1e9f30-b0{position:relative;}@media all and (max-width: 1024px){.kadence-column18114_1e9f30-b0 > .kt-inside-inner-col{flex-direction:column;justify-content:center;}}@media all and (max-width: 767px){.kadence-column18114_1e9f30-b0 > .kt-inside-inner-col{flex-direction:column;justify-content:center;}}<\/style>\n<div class=\"wp-block-kadence-column kadence-column18114_1e9f30-b0\"><div class=\"kt-inside-inner-col\"><style>.wp-block-kadence-advancedheading.kt-adv-heading18114_9ca716-4f, .wp-block-kadence-advancedheading.kt-adv-heading18114_9ca716-4f[data-kb-block=\"kb-adv-heading18114_9ca716-4f\"]{font-style:normal;}.wp-block-kadence-advancedheading.kt-adv-heading18114_9ca716-4f mark.kt-highlight, .wp-block-kadence-advancedheading.kt-adv-heading18114_9ca716-4f[data-kb-block=\"kb-adv-heading18114_9ca716-4f\"] mark.kt-highlight{font-style:normal;color:#f76a0c;-webkit-box-decoration-break:clone;box-decoration-break:clone;padding-top:0px;padding-right:0px;padding-bottom:0px;padding-left:0px;}.wp-block-kadence-advancedheading.kt-adv-heading18114_9ca716-4f img.kb-inline-image, .wp-block-kadence-advancedheading.kt-adv-heading18114_9ca716-4f[data-kb-block=\"kb-adv-heading18114_9ca716-4f\"] img.kb-inline-image{width:150px;vertical-align:baseline;}<\/style>\n<p class=\"kt-adv-heading18114_9ca716-4f wp-block-kadence-advancedheading\" data-kb-block=\"kb-adv-heading18114_9ca716-4f\"><strong>Avec votre soutien :<\/strong><\/p>\n\n\n\n<ul class=\"wp-block-list\">\n<li>Des actions de terrain sont rendues possibles<\/li>\n\n\n\n<li>Des situations de vuln\u00e9rabilit\u00e9 trouvent des solutions<\/li>\n\n\n\n<li>Une voix est port\u00e9e jusqu\u2019aux d\u00e9cideurs<\/li>\n<\/ul>\n\n\n<style>.wp-block-kadence-advancedheading.kt-adv-heading18114_111cc8-2e, .wp-block-kadence-advancedheading.kt-adv-heading18114_111cc8-2e[data-kb-block=\"kb-adv-heading18114_111cc8-2e\"]{font-style:normal;}.wp-block-kadence-advancedheading.kt-adv-heading18114_111cc8-2e mark.kt-highlight, .wp-block-kadence-advancedheading.kt-adv-heading18114_111cc8-2e[data-kb-block=\"kb-adv-heading18114_111cc8-2e\"] mark.kt-highlight{font-style:normal;color:#f76a0c;-webkit-box-decoration-break:clone;box-decoration-break:clone;padding-top:0px;padding-right:0px;padding-bottom:0px;padding-left:0px;}.wp-block-kadence-advancedheading.kt-adv-heading18114_111cc8-2e img.kb-inline-image, .wp-block-kadence-advancedheading.kt-adv-heading18114_111cc8-2e[data-kb-block=\"kb-adv-heading18114_111cc8-2e\"] img.kb-inline-image{width:150px;vertical-align:baseline;}<\/style>\n<p class=\"kt-adv-heading18114_111cc8-2e wp-block-kadence-advancedheading\" data-kb-block=\"kb-adv-heading18114_111cc8-2e\"><strong>Agir commence maintenant.<\/strong><\/p>\n<\/div><\/div>\n\n<\/div><\/div><\/div>\n<\/div>\n\n\n\n<p><\/p>\n","protected":false},"excerpt":{"rendered":"<p>Agir pour les plus vuln\u00e9rables, ici et en Europe. Votre don permet d\u2019agir concr\u00e8tement sur le terrain et de d\u00e9fendre les droits fondamentaux aupr\u00e8s des institutions europ\u00e9ennes. Chaque contribution a un impact direct. Avec votre soutien : Agir commence maintenant.<\/p>","protected":false},"author":1,"featured_media":0,"parent":0,"menu_order":0,"comment_status":"closed","ping_status":"closed","template":"","meta":{"give_campaign_id":0,"_kadence_starter_templates_imported_post":false,"_kad_post_transparent":"","_kad_post_title":"","_kad_post_layout":"","_kad_post_sidebar_id":"","_kad_post_content_style":"","_kad_post_vertical_padding":"","_kad_post_feature":"","_kad_post_feature_position":"","_kad_post_header":false,"_kad_post_footer":false,"_kad_post_classname":"","footnotes":""},"class_list":["post-18114","page","type-page","status-publish","hentry"],"aioseo_notices":[],"campaignId":"","jetpack-related-posts":[],"jetpack_sharing_enabled":true,"_links":{"self":[{"href":"https:\/\/europeanobsndfr.org\/en\/wp-json\/wp\/v2\/pages\/18114","targetHints":{"allow":["GET"]}}],"collection":[{"href":"https:\/\/europeanobsndfr.org\/en\/wp-json\/wp\/v2\/pages"}],"about":[{"href":"https:\/\/europeanobsndfr.org\/en\/wp-json\/wp\/v2\/types\/page"}],"author":[{"embeddable":true,"href":"https:\/\/europeanobsndfr.org\/en\/wp-json\/wp\/v2\/users\/1"}],"replies":[{"embeddable":true,"href":"https:\/\/europeanobsndfr.org\/en\/wp-json\/wp\/v2\/comments?post=18114"}],"version-history":[{"count":2,"href":"https:\/\/europeanobsndfr.org\/en\/wp-json\/wp\/v2\/pages\/18114\/revisions"}],"predecessor-version":[{"id":19184,"href":"https:\/\/europeanobsndfr.org\/en\/wp-json\/wp\/v2\/pages\/18114\/revisions\/19184"}],"wp:attachment":[{"href":"https:\/\/europeanobsndfr.org\/en\/wp-json\/wp\/v2\/media?parent=18114"}],"curies":[{"name":"wp","href":"https:\/\/api.w.org\/{rel}","templated":true}]}}