{"id":18927,"date":"2026-02-27T10:32:19","date_gmt":"2026-02-27T09:32:19","guid":{"rendered":"https:\/\/europeanobsndfr.org\/?page_id=18927"},"modified":"2026-02-27T11:18:37","modified_gmt":"2026-02-27T10:18:37","slug":"reglement-europeen-retours","status":"publish","type":"page","link":"https:\/\/europeanobsndfr.org\/en\/migrations\/reglement-europeen-retours\/","title":{"rendered":"Legal Analysis of the EU Regulation on Returns"},"content":{"rendered":"<h1 style=\"text-align: center;\">Legal Analysis of the EU Regulation on Returns<\/h1>\n<p style=\"text-align: justify;\" class=\"translation-block\">This legal analysis examines the proposed EU Regulation on returns in light of fundamental rights, the principle of non-refoulement, and rule of law requirements.\nThe working paper addresses in particular procedural safeguards, detention as a measure of last resort, returns to third countries, as well as the best interests of the child in decisions affecting families.\nIt highlights the institutional and systemic risks associated with any weakening of European protection standards.<\/p>\n<h2>Context and Key Issues of the EU Regulation on Returns<\/h2>\n<p style=\"text-align: justify;\" class=\"translation-block\"><a href=\"https:\/\/eur-lex.europa.eu\/legal-content\/EN\/TXT\/?uri=CELEX:52025PC0101\" target=\"_self\">\nThe proposed EU Regulation on returns\n<\/a> presented by the European Commission aims to establish a common system of returns for third-country nationals staying irregularly within the European Union. \nThe proposal seeks to replace the current Directive and to further harmonise return procedures for third-country nationals staying irregularly across Member States.<\/p>\n<p class=\"translation-block\">This reform entails major fundamental rights implications, particularly concerning the principle of non-refoulement, administrative detention, and procedural guarantees.\nThe Observatory\u2019s analysis assesses the legal consequences of these developments in the light of the jurisprudence of the CJEU and the ECtHR.<\/p>\n<h2>Key Findings<\/h2>\n<ul>\n<li>Respect for the principle of non-refoulement<\/li>\n<li>Strict limitations on detention<\/li>\n<li>Individualised assessment of the best interests of the child<\/li>\n<li>Responsabilit\u00e9 institutionnelle et risques syst\u00e9miques<\/li>\n<\/ul>\n<p style=\"text-align: center; margin-top: 30px;\"><a title=\"Download the Legal Analysis (PDF)\" href=\"http:\/\/europeanobsndfr.org\/wp-content\/uploads\/2026\/02\/Legal-Analysis-of-the-proposed-EU-Regulation-on-returns-EN.pdf\"><br \/>\n<img loading=\"lazy\" decoding=\"async\" class=\"aligncenter\" src=\"http:\/\/europeanobsndfr.org\/wp-content\/uploads\/2026\/02\/Vignette-policy-paper-migrations-EN.jpg\" alt=\"Analyse juridique du r\u00e8glement europ\u00e9en sur les retours \u2013 Observatoire Europ\u00e9en\" width=\"212\" height=\"300\" \/><br \/>\n<\/a><\/p>\n<p style=\"text-align:center; margin-top:25px;\">\n<a href=\"http:\/\/europeanobsndfr.org\/wp-content\/uploads\/2026\/02\/Legal-Analysis-of-the-proposed-EU-Regulation-on-returns-EN.pdf\"\nclass=\"download-observatoire\"><br \/>\nDownload the Legal Analysis (PDF)<br \/>\n<\/a><\/p>","protected":false},"excerpt":{"rendered":"<p>Analyse juridique du r\u00e8glement europ\u00e9en sur les retours Cette analyse juridique examine le projet de r\u00e8glement europ\u00e9en sur les retours \u00e0 la lumi\u00e8re des droits fondamentaux, du principe de non-refoulement et des exigences de l\u2019\u00c9tat de droit. Le working paper \u00e9tudie notamment les garanties proc\u00e9durales, la d\u00e9tention comme mesure de dernier ressort, les retours vers&#8230;<\/p>","protected":false},"author":1,"featured_media":0,"parent":18919,"menu_order":0,"comment_status":"closed","ping_status":"closed","template":"","meta":{"give_campaign_id":0,"_kadence_starter_templates_imported_post":false,"_kad_post_transparent":"","_kad_post_title":"","_kad_post_layout":"","_kad_post_sidebar_id":"","_kad_post_content_style":"","_kad_post_vertical_padding":"","_kad_post_feature":"","_kad_post_feature_position":"","_kad_post_header":false,"_kad_post_footer":false,"_kad_post_classname":"","footnotes":""},"class_list":["post-18927","page","type-page","status-publish","hentry"],"aioseo_notices":[],"campaignId":"","jetpack-related-posts":[],"jetpack_sharing_enabled":true,"_links":{"self":[{"href":"https:\/\/europeanobsndfr.org\/en\/wp-json\/wp\/v2\/pages\/18927","targetHints":{"allow":["GET"]}}],"collection":[{"href":"https:\/\/europeanobsndfr.org\/en\/wp-json\/wp\/v2\/pages"}],"about":[{"href":"https:\/\/europeanobsndfr.org\/en\/wp-json\/wp\/v2\/types\/page"}],"author":[{"embeddable":true,"href":"https:\/\/europeanobsndfr.org\/en\/wp-json\/wp\/v2\/users\/1"}],"replies":[{"embeddable":true,"href":"https:\/\/europeanobsndfr.org\/en\/wp-json\/wp\/v2\/comments?post=18927"}],"version-history":[{"count":4,"href":"https:\/\/europeanobsndfr.org\/en\/wp-json\/wp\/v2\/pages\/18927\/revisions"}],"predecessor-version":[{"id":18949,"href":"https:\/\/europeanobsndfr.org\/en\/wp-json\/wp\/v2\/pages\/18927\/revisions\/18949"}],"up":[{"embeddable":true,"href":"https:\/\/europeanobsndfr.org\/en\/wp-json\/wp\/v2\/pages\/18919"}],"wp:attachment":[{"href":"https:\/\/europeanobsndfr.org\/en\/wp-json\/wp\/v2\/media?parent=18927"}],"curies":[{"name":"wp","href":"https:\/\/api.w.org\/{rel}","templated":true}]}}